{"id":1105,"date":"2025-10-04T15:04:57","date_gmt":"2025-10-04T15:04:57","guid":{"rendered":"https:\/\/maronibudapest.com\/?page_id=1105"},"modified":"2025-10-04T15:11:53","modified_gmt":"2025-10-04T15:11:53","slug":"available-rooms","status":"publish","type":"page","link":"https:\/\/maronibudapest.com\/hu\/available-rooms\/","title":{"rendered":"Available Rooms"},"content":{"rendered":"<div data-elementor-type=\"wp-page\" data-elementor-id=\"1105\" class=\"elementor elementor-1105\" data-elementor-post-type=\"page\">\n\t\t\t\t<div class=\"elementor-element elementor-element-cd14494 e-con-full e-flex e-con e-parent\" data-id=\"cd14494\" data-element_type=\"container\" data-settings=\"{&quot;background_background&quot;:&quot;classic&quot;}\">\n\t\t\t\t<div class=\"elementor-element elementor-element-d78d598 elementor-widget elementor-widget-html\" data-id=\"d78d598\" data-element_type=\"widget\" data-widget_type=\"html.default\">\n\t\t\t\t\t<h2 style=\"  font-family: 'louvette-banner', serif;  font-weight: 500;         \/* Semi Bold \u2013 mint Figma *\/  font-style: normal;  font-size: 90px;         \/* mint Figma *\/  line-height: 1.1;         \/* Figma 'Auto' k\u00f6zel\u00edt\u00e9se *\/  letter-spacing: 0;        \/* 0% *\/  color: #DFE3E4;           \/* <-- itt \u00e1ll\u00edtod a sz\u00ednt *\/  margin: 0;\">\nHotel szob\u00e1k\n<\/h2>\n\t\t\t\t<\/div>\n\t\t<div class=\"elementor-element elementor-element-9d45b50 e-con-full e-flex e-con e-child\" data-id=\"9d45b50\" data-element_type=\"container\">\n\t\t<div class=\"elementor-element elementor-element-feee096 e-con-full e-flex e-con e-child\" data-id=\"feee096\" data-element_type=\"container\">\n\t\t\t\t<div class=\"elementor-element elementor-element-8c7607d elementor-widget elementor-widget-image\" data-id=\"8c7607d\" data-element_type=\"widget\" data-widget_type=\"image.default\">\n\t\t\t\t\t\t\t\t\t\t\t\t\t\t\t<img fetchpriority=\"high\" decoding=\"async\" width=\"889\" height=\"935\" src=\"https:\/\/maronibudapest.com\/wp-content\/uploads\/2025\/10\/maroni-opening.png\" class=\"attachment-large size-large wp-image-1028\" alt=\"\" srcset=\"https:\/\/maronibudapest.com\/wp-content\/uploads\/2025\/10\/maroni-opening.png 889w, https:\/\/maronibudapest.com\/wp-content\/uploads\/2025\/10\/maroni-opening-285x300.png 285w, https:\/\/maronibudapest.com\/wp-content\/uploads\/2025\/10\/maroni-opening-768x808.png 768w, https:\/\/maronibudapest.com\/wp-content\/uploads\/2025\/10\/maroni-opening-11x12.png 11w, https:\/\/maronibudapest.com\/wp-content\/uploads\/2025\/10\/maroni-opening-600x631.png 600w\" sizes=\"(max-width: 889px) 100vw, 889px\" \/>\t\t\t\t\t\t\t\t\t\t\t\t\t\t\t<\/div>\n\t\t\t\t<div class=\"elementor-element elementor-element-84464be elementor-widget elementor-widget-html\" data-id=\"84464be\" data-element_type=\"widget\" data-widget_type=\"html.default\">\n\t\t\t\t\t<h3 class=\"event-title\">\n  GRAND OPENING \u2503 10.18.\n<\/h3>\n\n<style>\n.event-title {\n  font-family: 'louvette-text', serif;\n  font-weight: 500;        \/* Semi Bold *\/\n  font-style: normal;\n  font-size: 30px;         \/* Alap desktop m\u00e9ret *\/\n  line-height: 1.1;\n  letter-spacing: 0;\n  color: #DFE3E4;\n  margin: 0;\n}\n\n\/* Mobil n\u00e9zetre *\/\n@media (max-width: 768px) {\n  .event-title {\n    font-size: 20px;       \/* Mobil m\u00e9ret *\/\n  }\n}\n<\/style>\n\t\t\t\t<\/div>\n\t\t\t\t<div class=\"elementor-element elementor-element-e682b5d elementor-widget elementor-widget-html\" data-id=\"e682b5d\" data-element_type=\"widget\" data-widget_type=\"html.default\">\n\t\t\t\t\t<!-- Custom SVG Button -->\n<div id=\"mb-svg-button\">\n  <a href=\"https:\/\/maronibudapest.com\/hu\/10-18\/\" class=\"svg-btn\">Jegyek<\/a>\n<\/div>\n\n<style>\n  \/* Load your custom font *\/\n  @font-face {\n    font-family: \"LouvetteText\";\n    src: url(\"https:\/\/maronibudapest.com\/wp-content\/uploads\/2025\/09\/fonnts.com-Louvette-Text-Semi-Bold.ttf\") format(\"truetype\");\n    font-weight: 600;\n    font-style: normal;\n    font-display: swap;\n  }\n\n  \/* \ud83d\udd27 Controls *\/\n  #mb-svg-button {\n    --btn-width: 200px;   \/* change this to control button width *\/\n    --btn-color: #DFE3E4; \/* font color *\/\n  }\n\n  #mb-svg-button .svg-btn {\n    display: inline-flex;\n    align-items: center;\n    justify-content: center;\n    font-family: \"LouvetteText\", serif;\n    font-size: 24px;\n    color: var(--btn-color);\n    text-decoration: none;\n    background: url(\"https:\/\/maronibudapest.com\/wp-content\/uploads\/2025\/09\/button-fill.svg\") no-repeat center center \/ contain;\n    width: var(--btn-width);\n    aspect-ratio: 3 \/ 1;   \/* keeps shape proportional *\/\n    transition: transform 0.2s ease, filter 0.2s ease;\n  }\n\n  #mb-svg-button .svg-btn:hover {\n    transform: scale(1.05);\n    filter: brightness(1.1);\n  }\n\n  #mb-svg-button .svg-btn:active {\n    transform: scale(0.97);\n  }\n<\/style>\n\t\t\t\t<\/div>\n\t\t\t\t<\/div>\n\t\t\t\t<\/div>\n\t\t\t\t<\/div>\n\t\t\t\t<\/div>","protected":false},"excerpt":{"rendered":"<p>Rooms GRAND OPENING \u2503 10.18. Tickets<\/p>","protected":false},"author":1,"featured_media":0,"parent":0,"menu_order":0,"comment_status":"closed","ping_status":"closed","template":"","meta":{"_acf_changed":false,"site-sidebar-layout":"no-sidebar","site-content-layout":"","ast-site-content-layout":"full-width-container","site-content-style":"default","site-sidebar-style":"default","ast-global-header-display":"","ast-banner-title-visibility":"","ast-main-header-display":"","ast-hfb-above-header-display":"","ast-hfb-below-header-display":"","ast-hfb-mobile-header-display":"","site-post-title":"","ast-breadcrumbs-content":"","ast-featured-img":"disabled","footer-sml-layout":"","theme-transparent-header-meta":"","adv-header-id-meta":"","stick-header-meta":"","header-above-stick-meta":"","header-main-stick-meta":"","header-below-stick-meta":"","astra-migrate-meta-layouts":"default","ast-page-background-enabled":"default","ast-page-background-meta":{"desktop":{"background-color":"var(--ast-global-color-5)","background-image":"","background-repeat":"repeat","background-position":"center center","background-size":"auto","background-attachment":"scroll","background-type":"","background-media":"","overlay-type":"","overlay-color":"","overlay-opacity":"","overlay-gradient":""},"tablet":{"background-color":"","background-image":"","background-repeat":"repeat","background-position":"center center","background-size":"auto","background-attachment":"scroll","background-type":"","background-media":"","overlay-type":"","overlay-color":"","overlay-opacity":"","overlay-gradient":""},"mobile":{"background-color":"","background-image":"","background-repeat":"repeat","background-position":"center center","background-size":"auto","background-attachment":"scroll","background-type":"","background-media":"","overlay-type":"","overlay-color":"","overlay-opacity":"","overlay-gradient":""}},"ast-content-background-meta":{"desktop":{"background-color":"var(--ast-global-color-4)","background-image":"","background-repeat":"repeat","background-position":"center center","background-size":"auto","background-attachment":"scroll","background-type":"","background-media":"","overlay-type":"","overlay-color":"","overlay-opacity":"","overlay-gradient":""},"tablet":{"background-color":"var(--ast-global-color-4)","background-image":"","background-repeat":"repeat","background-position":"center center","background-size":"auto","background-attachment":"scroll","background-type":"","background-media":"","overlay-type":"","overlay-color":"","overlay-opacity":"","overlay-gradient":""},"mobile":{"background-color":"var(--ast-global-color-4)","background-image":"","background-repeat":"repeat","background-position":"center center","background-size":"auto","background-attachment":"scroll","background-type":"","background-media":"","overlay-type":"","overlay-color":"","overlay-opacity":"","overlay-gradient":""}},"footnotes":""},"class_list":["post-1105","page","type-page","status-publish","hentry"],"acf":[],"_links":{"self":[{"href":"https:\/\/maronibudapest.com\/hu\/wp-json\/wp\/v2\/pages\/1105","targetHints":{"allow":["GET"]}}],"collection":[{"href":"https:\/\/maronibudapest.com\/hu\/wp-json\/wp\/v2\/pages"}],"about":[{"href":"https:\/\/maronibudapest.com\/hu\/wp-json\/wp\/v2\/types\/page"}],"author":[{"embeddable":true,"href":"https:\/\/maronibudapest.com\/hu\/wp-json\/wp\/v2\/users\/1"}],"replies":[{"embeddable":true,"href":"https:\/\/maronibudapest.com\/hu\/wp-json\/wp\/v2\/comments?post=1105"}],"version-history":[{"count":13,"href":"https:\/\/maronibudapest.com\/hu\/wp-json\/wp\/v2\/pages\/1105\/revisions"}],"predecessor-version":[{"id":1128,"href":"https:\/\/maronibudapest.com\/hu\/wp-json\/wp\/v2\/pages\/1105\/revisions\/1128"}],"wp:attachment":[{"href":"https:\/\/maronibudapest.com\/hu\/wp-json\/wp\/v2\/media?parent=1105"}],"curies":[{"name":"wp","href":"https:\/\/api.w.org\/{rel}","templated":true}]}}